{"id":26,"date":"2024-08-26T11:40:08","date_gmt":"2024-08-26T11:40:08","guid":{"rendered":"https:\/\/menzerna.optimumcs.rs\/?post_type=product&#038;p=26"},"modified":"2025-10-14T11:51:26","modified_gmt":"2025-10-14T11:51:26","slug":"control-cleaner","status":"publish","type":"product","link":"https:\/\/menzerna-shop.rs\/en\/product\/control-cleaner\/","title":{"rendered":"Control Cleaner 500ml"},"content":{"rendered":"<p><strong>Menzerna Control Cleaner<\/strong>\u00a0 je hemijsko sredstvo za \u010di\u0161\u0107enje vodene baze dizajnirane da olak\u0161a objektivnu procenu kvaliteta polirane povr\u0161ine nakon poliranja ma\u0161ine.<br \/>\nBrzo, sigurno i efikasno uklanja sve tragove poliranje ostatke , obezmastuvajkji povr\u0161ini bez dodavanja sjaj (<strong>CC ne sadr\u017ee silikon ili bilo koji polimer za pove\u0107anje sjaja, ovo nije brz (Detailer sprej) detajling sprej).<\/strong><br \/>\nC.C. vam omogu\u0107ava da ispravno proverite poliranu povr\u0161inu kako biste utvrdili da li je ispravka na \u017eeljenom nivou ili ako je potrebno dodatno raditi pre primene glazure, silikata, voska ili kerami\u010dke za\u0161tite.<\/p>\n<p>NEW &#8211; Improved version 2024!<br \/>\n<img loading=\"lazy\" decoding=\"async\" class=\"alignnone wp-image-3803\" src=\"https:\/\/menzerna-shop.rs\/wp-content\/uploads\/2024\/08\/65539485_2050756175232848_6754280279952588800_n-300x223.png\" alt=\"\" width=\"360\" height=\"267\" srcset=\"https:\/\/menzerna-shop.rs\/wp-content\/uploads\/2024\/08\/65539485_2050756175232848_6754280279952588800_n-300x223.png 300w, https:\/\/menzerna-shop.rs\/wp-content\/uploads\/2024\/08\/65539485_2050756175232848_6754280279952588800_n-768x571.png 768w, https:\/\/menzerna-shop.rs\/wp-content\/uploads\/2024\/08\/65539485_2050756175232848_6754280279952588800_n-16x12.png 16w, https:\/\/menzerna-shop.rs\/wp-content\/uploads\/2024\/08\/65539485_2050756175232848_6754280279952588800_n-150x112.png 150w, https:\/\/menzerna-shop.rs\/wp-content\/uploads\/2024\/08\/65539485_2050756175232848_6754280279952588800_n-1x1.png 1w, https:\/\/menzerna-shop.rs\/wp-content\/uploads\/2024\/08\/65539485_2050756175232848_6754280279952588800_n-10x7.png 10w, https:\/\/menzerna-shop.rs\/wp-content\/uploads\/2024\/08\/65539485_2050756175232848_6754280279952588800_n.png 847w\" sizes=\"auto, (max-width: 360px) 100vw, 360px\" \/><\/p>","protected":false},"excerpt":{"rendered":"<p><strong>Control Cleaner <\/strong>(inspection spray)<\/p>\n<p><strong data-start=\"93\" data-end=\"121\">Menzerna Control Cleaner<\/strong> je specijalno sredstvo za \u010di\u0161\u0107enje poliranih povr\u0161ina, koje uklanja ostatke paste i pra\u0161inu, omogu\u0107avaju\u0107i preciznu kontrolu i proveru rezultata poliranja.<\/p>\n<p><strong>Pakovanje:<\/strong> 500ml<\/p>\n<p><img loading=\"lazy\" decoding=\"async\" class=\"alignnone wp-image-3427\" src=\"https:\/\/menzerna.optimumcs.rs\/wp-content\/uploads\/2024\/08\/180410_Profilbild_Balkan-300x300.png\" alt=\"\" width=\"154\" height=\"154\" \/>\u00a0 <img loading=\"lazy\" decoding=\"async\" class=\"alignnone wp-image-3428\" src=\"https:\/\/menzerna.optimumcs.rs\/wp-content\/uploads\/2024\/08\/img-home-300x300.png\" alt=\"\" width=\"153\" height=\"153\" \/><\/p>","protected":false},"featured_media":3447,"template":"","meta":[],"etheme_brands":[],"product_brand":[],"product_cat":[15],"product_tag":[141,95,97,98],"class_list":{"0":"post-26","1":"product","2":"type-product","3":"status-publish","4":"has-post-thumbnail","6":"product_cat-uncategorized","7":"product_tag-control-cleaner","8":"product_tag-menzerna","9":"product_tag-serbia","10":"product_tag-srbija","12":"first","13":"instock","14":"taxable","15":"shipping-taxable","16":"purchasable","17":"product-type-simple"},"_links":{"self":[{"href":"https:\/\/menzerna-shop.rs\/en\/wp-json\/wp\/v2\/product\/26","targetHints":{"allow":["GET"]}}],"collection":[{"href":"https:\/\/menzerna-shop.rs\/en\/wp-json\/wp\/v2\/product"}],"about":[{"href":"https:\/\/menzerna-shop.rs\/en\/wp-json\/wp\/v2\/types\/product"}],"version-history":[{"count":0,"href":"https:\/\/menzerna-shop.rs\/en\/wp-json\/wp\/v2\/product\/26\/revisions"}],"wp:featuredmedia":[{"embeddable":true,"href":"https:\/\/menzerna-shop.rs\/en\/wp-json\/wp\/v2\/media\/3447"}],"wp:attachment":[{"href":"https:\/\/menzerna-shop.rs\/en\/wp-json\/wp\/v2\/media?parent=26"}],"wp:term":[{"taxonomy":"brand","embeddable":true,"href":"https:\/\/menzerna-shop.rs\/en\/wp-json\/wp\/v2\/etheme_brands?post=26"},{"taxonomy":"product_brand","embeddable":true,"href":"https:\/\/menzerna-shop.rs\/en\/wp-json\/wp\/v2\/product_brand?post=26"},{"taxonomy":"product_cat","embeddable":true,"href":"https:\/\/menzerna-shop.rs\/en\/wp-json\/wp\/v2\/product_cat?post=26"},{"taxonomy":"product_tag","embeddable":true,"href":"https:\/\/menzerna-shop.rs\/en\/wp-json\/wp\/v2\/product_tag?post=26"}],"curies":[{"name":"wp","href":"https:\/\/api.w.org\/{rel}","templated":true}]}}