{"id":3327,"date":"2024-10-31T15:21:53","date_gmt":"2024-10-31T15:21:53","guid":{"rendered":"https:\/\/menzerna.optimumcs.rs\/?post_type=product&#038;p=3327"},"modified":"2025-10-14T11:41:15","modified_gmt":"2025-10-14T11:41:15","slug":"super-heavy-cut-300-green-line","status":"publish","type":"product","link":"https:\/\/menzerna-shop.rs\/en\/product\/super-heavy-cut-300-green-line\/","title":{"rendered":"Super Heavy Cut 300 Green Line &#8211; 250ml"},"content":{"rendered":"<p data-start=\"44\" data-end=\"154\"><strong data-start=\"44\" data-end=\"154\">Politura za grubo poliranje za maksimalno uklanjanje tragova bru\u0161enja i ogrebotina, bez \u0161tetnih rastvara\u010da<\/strong><\/p>\n<p data-start=\"156\" data-end=\"822\" data-is-last-node=\"\" data-is-only-node=\"\">Ova visokoperformansna politura bez <strong>VOC<\/strong> jedinjenja daleko nadma\u0161uje konkurenciju kada je u pitanju uklanjanje tragova bru\u0161enja. Savr\u0161ena politura za automobile za uklanjanje dubokih ogrebotina. Pored optimalnog u\u010dinka poliranja, tako\u0111e \u010dini proces detaljnog \u010di\u0161\u0107enja i farbanja vozila zdravijim i prijatnijim. Ova politura efikasno uklanja tragove bru\u0161enja za vrlo kratko vreme i u skladu je sa standardom <strong>DIN EN ISO 11890-2<\/strong>, jer ne sadr\u017ei rastvara\u010de. Sr\u017e ove paste za poliranje \u010dine abrazivna zrnca koja se postepeno razgra\u0111uju. Ona omogu\u0107avaju da ova politura bez rastvara\u010da kombinuje visok u\u010dinak poliranja do samog zavr\u0161nog sloja uz o\u010duvanje zdravlja tokom rada.<\/p>\n<p><img loading=\"lazy\" decoding=\"async\" class=\"alignnone size-medium wp-image-3384\" src=\"https:\/\/menzerna.optimumcs.rs\/wp-content\/uploads\/2024\/10\/Screen-Shot-2018-11-08-at-17.00.56-300x282.png\" alt=\"\" width=\"300\" height=\"282\" \/>\u00a0 <img loading=\"lazy\" decoding=\"async\" class=\"alignnone size-medium wp-image-3385\" src=\"https:\/\/menzerna.optimumcs.rs\/wp-content\/uploads\/2024\/10\/csm_VOC-FREE-Badge-en_bf2cb746b2-300x88.png\" alt=\"\" width=\"300\" height=\"88\" \/><\/p>","protected":false},"excerpt":{"rendered":"<h4><b>Super Heavy Cut 300 Green Line <span style=\"color: #00ff00;\">VOC Free<\/span><\/b><\/h4>\n<div><b>Cut: 10<br \/>\nGloss: 7<\/b>Pakovanje: 250ml<img loading=\"lazy\" decoding=\"async\" class=\"alignnone size-medium wp-image-3041\" src=\"https:\/\/menzerna.optimumcs.rs\/wp-content\/uploads\/2024\/08\/4-300x140.jpg\" alt=\"\" width=\"300\" height=\"140\" srcset=\"https:\/\/menzerna-shop.rs\/wp-content\/uploads\/2024\/08\/4-300x140.jpg 300w, https:\/\/menzerna-shop.rs\/wp-content\/uploads\/2024\/08\/4-150x70.jpg 150w, https:\/\/menzerna-shop.rs\/wp-content\/uploads\/2024\/08\/4-768x359.jpg 768w, https:\/\/menzerna-shop.rs\/wp-content\/uploads\/2024\/08\/4-1x1.jpg 1w, https:\/\/menzerna-shop.rs\/wp-content\/uploads\/2024\/08\/4-10x5.jpg 10w, https:\/\/menzerna-shop.rs\/wp-content\/uploads\/2024\/08\/4.jpg 950w\" sizes=\"auto, (max-width: 300px) 100vw, 300px\" \/><\/div>","protected":false},"featured_media":3514,"template":"","meta":[],"etheme_brands":[],"product_brand":[],"product_cat":[56],"product_tag":[114,103,115,93,95,109],"class_list":{"0":"post-3327","1":"product","2":"type-product","3":"status-publish","4":"has-post-thumbnail","6":"product_cat-heavy-cut","7":"product_tag-114","8":"product_tag-cut","9":"product_tag-greenline","10":"product_tag-heavy","11":"product_tag-menzerna","12":"product_tag-super","14":"first","15":"outofstock","16":"taxable","17":"shipping-taxable","18":"purchasable","19":"product-type-simple"},"_links":{"self":[{"href":"https:\/\/menzerna-shop.rs\/en\/wp-json\/wp\/v2\/product\/3327","targetHints":{"allow":["GET"]}}],"collection":[{"href":"https:\/\/menzerna-shop.rs\/en\/wp-json\/wp\/v2\/product"}],"about":[{"href":"https:\/\/menzerna-shop.rs\/en\/wp-json\/wp\/v2\/types\/product"}],"version-history":[{"count":0,"href":"https:\/\/menzerna-shop.rs\/en\/wp-json\/wp\/v2\/product\/3327\/revisions"}],"wp:featuredmedia":[{"embeddable":true,"href":"https:\/\/menzerna-shop.rs\/en\/wp-json\/wp\/v2\/media\/3514"}],"wp:attachment":[{"href":"https:\/\/menzerna-shop.rs\/en\/wp-json\/wp\/v2\/media?parent=3327"}],"wp:term":[{"taxonomy":"brand","embeddable":true,"href":"https:\/\/menzerna-shop.rs\/en\/wp-json\/wp\/v2\/etheme_brands?post=3327"},{"taxonomy":"product_brand","embeddable":true,"href":"https:\/\/menzerna-shop.rs\/en\/wp-json\/wp\/v2\/product_brand?post=3327"},{"taxonomy":"product_cat","embeddable":true,"href":"https:\/\/menzerna-shop.rs\/en\/wp-json\/wp\/v2\/product_cat?post=3327"},{"taxonomy":"product_tag","embeddable":true,"href":"https:\/\/menzerna-shop.rs\/en\/wp-json\/wp\/v2\/product_tag?post=3327"}],"curies":[{"name":"wp","href":"https:\/\/api.w.org\/{rel}","templated":true}]}}