{"id":3755,"date":"2025-10-07T07:26:35","date_gmt":"2025-10-07T07:26:35","guid":{"rendered":"https:\/\/menzerna-shop.rs\/?post_type=product&#038;p=3755"},"modified":"2025-10-14T11:39:40","modified_gmt":"2025-10-14T11:39:40","slug":"cut-force-pro-1-litar","status":"publish","type":"product","link":"https:\/\/menzerna-shop.rs\/en\/product\/cut-force-pro-1-litar\/","title":{"rendered":"Cut Force PRO &#8211; 1 Litar"},"content":{"rendered":"<h3 data-start=\"109\" data-end=\"196\">Menzerna Cut Force Pro \u2013 mo\u0107an polir sredstvo za uklanjanje ogrebotina i visok sjaj , Ovo je Gold Standard za polir paste!<\/h3>\n<p data-start=\"198\" data-end=\"702\"><strong data-start=\"198\" data-end=\"216\">Opis proizvoda :<br \/>\n<\/strong><br data-start=\"216\" data-end=\"219\" \/>Menzerna Cut Force Pro je high-performance \u201c2-u-1\u201d polir pasta koja kombinuje izuzetno jak <strong data-start=\"310\" data-end=\"317\">cut<\/strong> (odstranjivanje o\u0161te\u0107enja) sa impresivnim visokim sjajem. Sa rejtingom <strong data-start=\"389\" data-end=\"401\">Cut 9\/10<\/strong> i <strong data-start=\"404\" data-end=\"418\">Gloss 9\/10<\/strong>, ovaj proizvod brzo i efikasno uklanja ogrebotine, tragove bru\u0161enja i o\u0161te\u0107enja laka, ostavljaju\u0107i povr\u0161inu sa dubokim sjajem, gotovo ogledalnim. Idealan je izbor kad \u017eeli\u0161 veliku korekciju laka u jednom koraku bez potrebe za vi\u0161estrukim fazama.<\/p>\n<hr data-start=\"565\" data-end=\"568\" \/>\n<h3 data-start=\"570\" data-end=\"587\"><strong data-start=\"574\" data-end=\"587\">Prednosti<\/strong><\/h3>\n<p data-start=\"588\" data-end=\"833\">\u2705 Brzo uklanja duboke ogrebotine i tragove bru\u0161enja<br data-start=\"639\" data-end=\"642\" \/>\u2705 Daje visok, dubok sjaj (Gloss 9\/10)<br data-start=\"679\" data-end=\"682\" \/>\u2705 Bez voska i silikona \u2013 pravi rezultati, ne maskiranje<br data-start=\"737\" data-end=\"740\" \/>\u2705 Pogodan za rotacionu i dual action ma\u0161inu<br data-start=\"783\" data-end=\"786\" \/>\u2705 U\u0161teda vremena zahvaljuju\u0107i \u201c2-u-1\u201d formuli<\/p>\n<p><strong>Incredible CUT &amp; GLOSS<\/strong><\/p>\n<p><img loading=\"lazy\" decoding=\"async\" class=\"alignnone wp-image-3817\" src=\"https:\/\/menzerna-shop.rs\/wp-content\/uploads\/2025\/10\/Screen-Shot-2025-03-04-at-12.09.51-300x300.png\" alt=\"\" width=\"330\" height=\"330\" srcset=\"https:\/\/menzerna-shop.rs\/wp-content\/uploads\/2025\/10\/Screen-Shot-2025-03-04-at-12.09.51-300x300.png 300w, https:\/\/menzerna-shop.rs\/wp-content\/uploads\/2025\/10\/Screen-Shot-2025-03-04-at-12.09.51-150x150.png 150w, https:\/\/menzerna-shop.rs\/wp-content\/uploads\/2025\/10\/Screen-Shot-2025-03-04-at-12.09.51-12x12.png 12w, https:\/\/menzerna-shop.rs\/wp-content\/uploads\/2025\/10\/Screen-Shot-2025-03-04-at-12.09.51-100x100.png 100w, https:\/\/menzerna-shop.rs\/wp-content\/uploads\/2025\/10\/Screen-Shot-2025-03-04-at-12.09.51-1x1.png 1w, https:\/\/menzerna-shop.rs\/wp-content\/uploads\/2025\/10\/Screen-Shot-2025-03-04-at-12.09.51-10x10.png 10w, https:\/\/menzerna-shop.rs\/wp-content\/uploads\/2025\/10\/Screen-Shot-2025-03-04-at-12.09.51.png 520w\" sizes=\"auto, (max-width: 330px) 100vw, 330px\" \/><\/p>","protected":false},"excerpt":{"rendered":"<p><strong>Cut Force PRO\u00a0 (Gold Standard)<\/strong><\/p>\n<div>\n<p data-start=\"141\" data-end=\"437\" data-is-last-node=\"\" data-is-only-node=\"\"><strong>Cut:<\/strong> 9<br \/>\n<strong>Gloss:<\/strong> 9<br \/>\n<strong>Pakovanje: \u00a0<\/strong>1000 ml<\/p>\n<p><strong data-start=\"120\" data-end=\"146\">Menzerna Cut Force Pro<\/strong> je mo\u0107na \u201cone-step\u201d polir pasta sa izuzetnim <strong data-start=\"192\" data-end=\"204\">cut 9\/10<\/strong> i <strong data-start=\"207\" data-end=\"222\">sjajem 9\/10<\/strong>. Uklanja duboke ogrebotine, tragove bru\u0161enja i mat povr\u0161ine u samo jednom koraku, ostavljaju\u0107i visok, ogledalni sjaj bez potrebe za dodatnim poliranjem.<\/p>\n<p><img loading=\"lazy\" decoding=\"async\" class=\"alignnone size-medium wp-image-3050\" src=\"https:\/\/menzerna.optimumcs.rs\/wp-content\/uploads\/2024\/08\/red-300x140.jpg\" alt=\"\" width=\"300\" height=\"140\" \/><\/p>\n<\/div>","protected":false},"featured_media":3756,"template":"","meta":[],"etheme_brands":[],"product_brand":[],"product_cat":[56],"product_tag":[103,143,144,93,95,105,97,98,109],"class_list":{"0":"post-3755","1":"product","2":"type-product","3":"status-publish","4":"has-post-thumbnail","6":"product_cat-heavy-cut","7":"product_tag-cut","8":"product_tag-cut-force-pro","9":"product_tag-gold-standard","10":"product_tag-heavy","11":"product_tag-menzerna","12":"product_tag-polish","13":"product_tag-serbia","14":"product_tag-srbija","15":"product_tag-super","17":"first","18":"instock","19":"taxable","20":"shipping-taxable","21":"purchasable","22":"product-type-simple"},"_links":{"self":[{"href":"https:\/\/menzerna-shop.rs\/en\/wp-json\/wp\/v2\/product\/3755","targetHints":{"allow":["GET"]}}],"collection":[{"href":"https:\/\/menzerna-shop.rs\/en\/wp-json\/wp\/v2\/product"}],"about":[{"href":"https:\/\/menzerna-shop.rs\/en\/wp-json\/wp\/v2\/types\/product"}],"version-history":[{"count":0,"href":"https:\/\/menzerna-shop.rs\/en\/wp-json\/wp\/v2\/product\/3755\/revisions"}],"wp:featuredmedia":[{"embeddable":true,"href":"https:\/\/menzerna-shop.rs\/en\/wp-json\/wp\/v2\/media\/3756"}],"wp:attachment":[{"href":"https:\/\/menzerna-shop.rs\/en\/wp-json\/wp\/v2\/media?parent=3755"}],"wp:term":[{"taxonomy":"brand","embeddable":true,"href":"https:\/\/menzerna-shop.rs\/en\/wp-json\/wp\/v2\/etheme_brands?post=3755"},{"taxonomy":"product_brand","embeddable":true,"href":"https:\/\/menzerna-shop.rs\/en\/wp-json\/wp\/v2\/product_brand?post=3755"},{"taxonomy":"product_cat","embeddable":true,"href":"https:\/\/menzerna-shop.rs\/en\/wp-json\/wp\/v2\/product_cat?post=3755"},{"taxonomy":"product_tag","embeddable":true,"href":"https:\/\/menzerna-shop.rs\/en\/wp-json\/wp\/v2\/product_tag?post=3755"}],"curies":[{"name":"wp","href":"https:\/\/api.w.org\/{rel}","templated":true}]}}