{"id":47,"date":"2024-08-26T12:58:07","date_gmt":"2024-08-26T12:58:07","guid":{"rendered":"https:\/\/menzerna.optimumcs.rs\/?post_type=product&#038;p=47"},"modified":"2025-10-14T11:49:39","modified_gmt":"2025-10-14T11:49:39","slug":"lamb-wool-pad-l150","status":"publish","type":"product","link":"https:\/\/menzerna-shop.rs\/en\/product\/lamb-wool-pad-l150\/","title":{"rendered":"Lamb wool Pad 150mm"},"content":{"rendered":"<p>Izra\u0111ena od vune od jagnjetine, ovaj sun\u0111er je dizajniran da radi sa otpornim na ogrebotine . Ova vuna smanjuje povr\u0161insko zagrevanje u procesu rezanja dok radi na gore pomenutim tvrdim premazima.<\/p>\n<p>Ova vuna nudi ekstremno se\u010denje tvrdih premaza u kombinaciji sa HCC 400 za uklanjanje o\u0161trih oksidacionih i mlevenih tragova.<\/p>\n<p>Svaka vuna ima 6 &#8222;Velco podr\u0161ku.<\/p>","protected":false},"excerpt":{"rendered":"<p><strong>Lamb wool pad &#8211; vune<\/strong><\/p>\n<p>Dijametar : L150<\/p>\n<p><img loading=\"lazy\" decoding=\"async\" class=\"alignnone wp-image-3418\" src=\"https:\/\/menzerna.optimumcs.rs\/wp-content\/uploads\/2024\/08\/Composing_1-300x288.png\" alt=\"\" width=\"217\" height=\"208\" \/><\/p>","protected":false},"featured_media":3459,"template":"","meta":[],"etheme_brands":[],"product_brand":[],"product_cat":[15],"product_tag":[],"class_list":{"0":"post-47","1":"product","2":"type-product","3":"status-publish","4":"has-post-thumbnail","6":"product_cat-uncategorized","8":"first","9":"outofstock","10":"taxable","11":"shipping-taxable","12":"purchasable","13":"product-type-simple"},"_links":{"self":[{"href":"https:\/\/menzerna-shop.rs\/en\/wp-json\/wp\/v2\/product\/47","targetHints":{"allow":["GET"]}}],"collection":[{"href":"https:\/\/menzerna-shop.rs\/en\/wp-json\/wp\/v2\/product"}],"about":[{"href":"https:\/\/menzerna-shop.rs\/en\/wp-json\/wp\/v2\/types\/product"}],"version-history":[{"count":0,"href":"https:\/\/menzerna-shop.rs\/en\/wp-json\/wp\/v2\/product\/47\/revisions"}],"wp:featuredmedia":[{"embeddable":true,"href":"https:\/\/menzerna-shop.rs\/en\/wp-json\/wp\/v2\/media\/3459"}],"wp:attachment":[{"href":"https:\/\/menzerna-shop.rs\/en\/wp-json\/wp\/v2\/media?parent=47"}],"wp:term":[{"taxonomy":"brand","embeddable":true,"href":"https:\/\/menzerna-shop.rs\/en\/wp-json\/wp\/v2\/etheme_brands?post=47"},{"taxonomy":"product_brand","embeddable":true,"href":"https:\/\/menzerna-shop.rs\/en\/wp-json\/wp\/v2\/product_brand?post=47"},{"taxonomy":"product_cat","embeddable":true,"href":"https:\/\/menzerna-shop.rs\/en\/wp-json\/wp\/v2\/product_cat?post=47"},{"taxonomy":"product_tag","embeddable":true,"href":"https:\/\/menzerna-shop.rs\/en\/wp-json\/wp\/v2\/product_tag?post=47"}],"curies":[{"name":"wp","href":"https:\/\/api.w.org\/{rel}","templated":true}]}}