{"id":53,"date":"2024-08-26T13:04:27","date_gmt":"2024-08-26T13:04:27","guid":{"rendered":"https:\/\/menzerna.optimumcs.rs\/?post_type=product&#038;p=53"},"modified":"2025-10-14T11:49:24","modified_gmt":"2025-10-14T11:49:24","slug":"medium-polish-2500","status":"publish","type":"product","link":"https:\/\/menzerna-shop.rs\/en\/product\/medium-polish-2500\/","title":{"rendered":"Medium Cut Polish 2500 &#8211; 1 Litar"},"content":{"rendered":"<h3 data-start=\"173\" data-end=\"269\"><strong data-start=\"180\" data-end=\"269\">Menzerna Medium Cut Polish 2500 \u2013 srednji polir za uklanjanje ogrebotina i visok sjaj<\/strong><\/h3>\n<h4 data-start=\"271\" data-end=\"293\"><em><strong data-start=\"275\" data-end=\"293\">Opis proizvoda<\/strong><\/em><\/h4>\n<p data-start=\"294\" data-end=\"683\">Menzerna Medium Cut Polish 2500 (MCP 2500) je <strong data-start=\"340\" data-end=\"376\">vi\u0161enamenska srednja polir pasta<\/strong> koja efikasno uklanja <strong data-start=\"399\" data-end=\"444\">ogrebotine, tragove bru\u0161enja i oksidaciju<\/strong>, dok istovremeno daje <strong data-start=\"467\" data-end=\"501\">sjajan, reflektuju\u0107i zavr\u0161etak<\/strong>.<br data-start=\"502\" data-end=\"505\" \/>Kombinuje <strong data-start=\"515\" data-end=\"551\">sna\u017enu korektivnu mo\u0107 (Cut 6\/10)<\/strong> i <strong data-start=\"554\" data-end=\"581\">visok sjaj (Gloss 8\/10)<\/strong>, \u0161to je \u010dini savr\u0161enim izborom za <strong data-start=\"616\" data-end=\"642\">jednostepeno poliranje<\/strong> kod blago do srednje o\u0161te\u0107enih lakova.<\/p>\n<p data-start=\"685\" data-end=\"889\">Ova pasta je jedan od <strong data-start=\"707\" data-end=\"745\">najpopularnijih Menzerna proizvoda<\/strong>, jer omogu\u0107ava <strong data-start=\"761\" data-end=\"801\">brze rezultate i minimalnu potro\u0161nju<\/strong> \u2013 idealna za profesionalce i entuzijaste koji \u017eele vrhunski izgled uz u\u0161tedu vremena.<\/p>\n<div>\n<h3 data-start=\"896\" data-end=\"913\"><strong data-start=\"900\" data-end=\"913\">Prednosti<\/strong><\/h3>\n<p data-start=\"914\" data-end=\"1174\">\u2705 Uklanja tragove bru\u0161enja do granulacije P2000<br data-start=\"961\" data-end=\"964\" \/>\u2705 Daje dubok, sjajan zavr\u0161etak u jednom koraku<br data-start=\"1010\" data-end=\"1013\" \/>\u2705 Bez silikona i punila \u2013 stvarni rezultati, ne maskiranje<br data-start=\"1071\" data-end=\"1074\" \/>\u2705 Minimalno pra\u0161i i lako se bri\u0161e<br data-start=\"1107\" data-end=\"1110\" \/>\u2705 Pogodna za sve tipove lakova (uklju\u010duju\u0107i tvrde i kerami\u010dke<\/p>\n<p><img loading=\"lazy\" decoding=\"async\" class=\"alignnone wp-image-3795\" src=\"https:\/\/menzerna-shop.rs\/wp-content\/uploads\/2024\/08\/menzerna-2500-ince-pasta-1-litre-853a--300x300.jpg\" alt=\"\" width=\"341\" height=\"341\" \/><\/p>\n<\/div>","protected":false},"excerpt":{"rendered":"<p><strong>Medium Polish Cut &#8211; \u00a0MPC 2500<\/strong><\/p>\n<p>Menzerna Medium Cut Polish 2500 je srednji polir koji uklanja ogrebotine i tragove bru\u0161enja P2000, ostavljaju\u0107i sjajan zavr\u0161etak u jednom koraku. Kombinuje sna\u017ean efekat poliranja i visok sjaj \u2013 idealno za redovno odr\u017eavanje i korekciju laka.<br \/>\n<strong><br \/>\nCut: <\/strong>6<strong><br \/>\nGloss: <\/strong>8<\/p>\n<h4><strong><u>Pakovanje: \u00a0<\/u><\/strong><u>1000ml\u00a0<\/u><\/h4>\n<p><img loading=\"lazy\" decoding=\"async\" class=\"alignnone size-medium wp-image-3052\" src=\"https:\/\/menzerna.optimumcs.rs\/wp-content\/uploads\/2024\/08\/yellow-300x140.jpg\" alt=\"\" width=\"300\" height=\"140\" srcset=\"https:\/\/menzerna-shop.rs\/wp-content\/uploads\/2024\/08\/yellow-300x140.jpg 300w, https:\/\/menzerna-shop.rs\/wp-content\/uploads\/2024\/08\/yellow-150x70.jpg 150w, https:\/\/menzerna-shop.rs\/wp-content\/uploads\/2024\/08\/yellow-768x359.jpg 768w, https:\/\/menzerna-shop.rs\/wp-content\/uploads\/2024\/08\/yellow-1x1.jpg 1w, https:\/\/menzerna-shop.rs\/wp-content\/uploads\/2024\/08\/yellow-10x5.jpg 10w, https:\/\/menzerna-shop.rs\/wp-content\/uploads\/2024\/08\/yellow.jpg 950w\" sizes=\"auto, (max-width: 300px) 100vw, 300px\" \/><\/p>","protected":false},"featured_media":3464,"template":"","meta":[],"etheme_brands":[],"product_brand":[],"product_cat":[55],"product_tag":[102,103,104,105],"class_list":{"0":"post-53","1":"product","2":"type-product","3":"status-publish","4":"has-post-thumbnail","6":"product_cat-medium-cut","7":"product_tag-102","8":"product_tag-cut","9":"product_tag-medium","10":"product_tag-polish","12":"first","13":"outofstock","14":"taxable","15":"shipping-taxable","16":"purchasable","17":"product-type-simple"},"_links":{"self":[{"href":"https:\/\/menzerna-shop.rs\/en\/wp-json\/wp\/v2\/product\/53","targetHints":{"allow":["GET"]}}],"collection":[{"href":"https:\/\/menzerna-shop.rs\/en\/wp-json\/wp\/v2\/product"}],"about":[{"href":"https:\/\/menzerna-shop.rs\/en\/wp-json\/wp\/v2\/types\/product"}],"version-history":[{"count":0,"href":"https:\/\/menzerna-shop.rs\/en\/wp-json\/wp\/v2\/product\/53\/revisions"}],"wp:featuredmedia":[{"embeddable":true,"href":"https:\/\/menzerna-shop.rs\/en\/wp-json\/wp\/v2\/media\/3464"}],"wp:attachment":[{"href":"https:\/\/menzerna-shop.rs\/en\/wp-json\/wp\/v2\/media?parent=53"}],"wp:term":[{"taxonomy":"brand","embeddable":true,"href":"https:\/\/menzerna-shop.rs\/en\/wp-json\/wp\/v2\/etheme_brands?post=53"},{"taxonomy":"product_brand","embeddable":true,"href":"https:\/\/menzerna-shop.rs\/en\/wp-json\/wp\/v2\/product_brand?post=53"},{"taxonomy":"product_cat","embeddable":true,"href":"https:\/\/menzerna-shop.rs\/en\/wp-json\/wp\/v2\/product_cat?post=53"},{"taxonomy":"product_tag","embeddable":true,"href":"https:\/\/menzerna-shop.rs\/en\/wp-json\/wp\/v2\/product_tag?post=53"}],"curies":[{"name":"wp","href":"https:\/\/api.w.org\/{rel}","templated":true}]}}