{"id":57,"date":"2024-08-26T13:08:29","date_gmt":"2024-08-26T13:08:29","guid":{"rendered":"https:\/\/menzerna.optimumcs.rs\/?post_type=product&#038;p=57"},"modified":"2025-10-14T11:49:08","modified_gmt":"2025-10-14T11:49:08","slug":"metal-polish-cream","status":"publish","type":"product","link":"https:\/\/menzerna-shop.rs\/en\/product\/metal-polish-cream\/","title":{"rendered":"Metal polish cream"},"content":{"rendered":"<p><strong>Metal polish cream &#8211; polir za metal\/plastiku<\/strong><\/p>\n<p data-start=\"53\" data-end=\"501\">Polir pasta za metal i plastiku bez abraziva!<br data-start=\"98\" data-end=\"101\" \/>Ova roze formula je jedinstvena kombinacija sredstava za \u010di\u0161\u0107enje i poliranje, sa lubrikantom koji \u0107e svaki metal ostaviti sa visokim ogledalskim sjajem.<br data-start=\"254\" data-end=\"257\" data-is-only-node=\"\" \/>Koristi se za zlato, srebro, mesing, legure, magnezijum, bakar, ner\u0111aju\u0107i \u010delik, kao i za staklo i plastiku.<br data-start=\"365\" data-end=\"368\" \/>Nanosi se u maloj koli\u010dini na aplikator ili polir sun\u0111er i prebrisava mekom mikrofiber krpom kako bi se postigao visok, sjajan fini\u0161.<\/p>\n<p data-start=\"503\" data-end=\"521\" data-is-last-node=\"\" data-is-only-node=\"\">Pakovanje: 125 ml.<\/p>","protected":false},"excerpt":{"rendered":"<p><strong>Metal polish\u00a0 &#8211; <\/strong>poliranje za metal\u00a0 125ml.<\/p>","protected":false},"featured_media":3467,"template":"","meta":[],"etheme_brands":[],"product_brand":[],"product_cat":[15],"product_tag":[],"class_list":{"0":"post-57","1":"product","2":"type-product","3":"status-publish","4":"has-post-thumbnail","6":"product_cat-uncategorized","8":"first","9":"outofstock","10":"taxable","11":"shipping-taxable","12":"purchasable","13":"product-type-simple"},"_links":{"self":[{"href":"https:\/\/menzerna-shop.rs\/en\/wp-json\/wp\/v2\/product\/57","targetHints":{"allow":["GET"]}}],"collection":[{"href":"https:\/\/menzerna-shop.rs\/en\/wp-json\/wp\/v2\/product"}],"about":[{"href":"https:\/\/menzerna-shop.rs\/en\/wp-json\/wp\/v2\/types\/product"}],"version-history":[{"count":0,"href":"https:\/\/menzerna-shop.rs\/en\/wp-json\/wp\/v2\/product\/57\/revisions"}],"wp:featuredmedia":[{"embeddable":true,"href":"https:\/\/menzerna-shop.rs\/en\/wp-json\/wp\/v2\/media\/3467"}],"wp:attachment":[{"href":"https:\/\/menzerna-shop.rs\/en\/wp-json\/wp\/v2\/media?parent=57"}],"wp:term":[{"taxonomy":"brand","embeddable":true,"href":"https:\/\/menzerna-shop.rs\/en\/wp-json\/wp\/v2\/etheme_brands?post=57"},{"taxonomy":"product_brand","embeddable":true,"href":"https:\/\/menzerna-shop.rs\/en\/wp-json\/wp\/v2\/product_brand?post=57"},{"taxonomy":"product_cat","embeddable":true,"href":"https:\/\/menzerna-shop.rs\/en\/wp-json\/wp\/v2\/product_cat?post=57"},{"taxonomy":"product_tag","embeddable":true,"href":"https:\/\/menzerna-shop.rs\/en\/wp-json\/wp\/v2\/product_tag?post=57"}],"curies":[{"name":"wp","href":"https:\/\/api.w.org\/{rel}","templated":true}]}}