{"id":70,"date":"2024-08-26T13:23:51","date_gmt":"2024-08-26T13:23:51","guid":{"rendered":"https:\/\/menzerna.optimumcs.rs\/?post_type=product&#038;p=70"},"modified":"2025-10-14T11:48:03","modified_gmt":"2025-10-14T11:48:03","slug":"premium-heavy-cut-150-mm","status":"publish","type":"product","link":"https:\/\/menzerna-shop.rs\/en\/product\/premium-heavy-cut-150-mm\/","title":{"rendered":"Premium Heavy Cut 150mm"},"content":{"rendered":"<p data-start=\"44\" data-end=\"97\"><strong data-start=\"44\" data-end=\"97\">Premium sun\u0111er za poliranje za abrazivne politure<\/strong><\/p>\n<p data-start=\"99\" data-end=\"462\" data-is-last-node=\"\" data-is-only-node=\"\">Sun\u0111er za poliranje namenjen upotrebi sa izrazito abrazivnim politurama. U kombinaciji sa Menzerna Heavy Cut politurama uklanja ogrebotine, tragove bru\u0161enja i nepravilnosti na povr\u0161ini. Jedinstvena struktura sun\u0111era za poliranje, sa sna\u017enim abrazivnim dejstvom, poja\u010dava efekat visokoperformansnih Menzerna politura i omogu\u0107ava pouzdane i izuzetno brze rezultate.<\/p>\n<p><img loading=\"lazy\" decoding=\"async\" class=\"alignnone size-medium wp-image-3420\" src=\"https:\/\/menzerna.optimumcs.rs\/wp-content\/uploads\/2024\/08\/82377478_2190906631217801_557504785293508608_o-300x300.jpg\" alt=\"\" width=\"300\" height=\"300\" \/><\/p>","protected":false},"excerpt":{"rendered":"<h4><strong>Premium Heavy Cut Foam Pad<\/strong><\/h4>\n<p>Dijametar : 150 mm (sa rupom)<\/p>\n<p><img loading=\"lazy\" decoding=\"async\" class=\"alignnone wp-image-3418\" src=\"https:\/\/menzerna.optimumcs.rs\/wp-content\/uploads\/2024\/08\/Composing_1-300x288.png\" alt=\"\" width=\"220\" height=\"211\" \/><\/p>","protected":false},"featured_media":3476,"template":"","meta":[],"etheme_brands":[],"product_brand":[],"product_cat":[59],"product_tag":[108,92,93,95,106,96,109],"class_list":{"0":"post-70","1":"product","2":"type-product","3":"status-publish","4":"has-post-thumbnail","6":"product_cat-polishing-pads","7":"product_tag-foam","8":"product_tag-hcc400","9":"product_tag-heavy","10":"product_tag-menzerna","11":"product_tag-pad","12":"product_tag-premium","13":"product_tag-super","15":"first","16":"instock","17":"taxable","18":"shipping-taxable","19":"purchasable","20":"product-type-simple"},"_links":{"self":[{"href":"https:\/\/menzerna-shop.rs\/en\/wp-json\/wp\/v2\/product\/70","targetHints":{"allow":["GET"]}}],"collection":[{"href":"https:\/\/menzerna-shop.rs\/en\/wp-json\/wp\/v2\/product"}],"about":[{"href":"https:\/\/menzerna-shop.rs\/en\/wp-json\/wp\/v2\/types\/product"}],"version-history":[{"count":0,"href":"https:\/\/menzerna-shop.rs\/en\/wp-json\/wp\/v2\/product\/70\/revisions"}],"wp:featuredmedia":[{"embeddable":true,"href":"https:\/\/menzerna-shop.rs\/en\/wp-json\/wp\/v2\/media\/3476"}],"wp:attachment":[{"href":"https:\/\/menzerna-shop.rs\/en\/wp-json\/wp\/v2\/media?parent=70"}],"wp:term":[{"taxonomy":"brand","embeddable":true,"href":"https:\/\/menzerna-shop.rs\/en\/wp-json\/wp\/v2\/etheme_brands?post=70"},{"taxonomy":"product_brand","embeddable":true,"href":"https:\/\/menzerna-shop.rs\/en\/wp-json\/wp\/v2\/product_brand?post=70"},{"taxonomy":"product_cat","embeddable":true,"href":"https:\/\/menzerna-shop.rs\/en\/wp-json\/wp\/v2\/product_cat?post=70"},{"taxonomy":"product_tag","embeddable":true,"href":"https:\/\/menzerna-shop.rs\/en\/wp-json\/wp\/v2\/product_tag?post=70"}],"curies":[{"name":"wp","href":"https:\/\/api.w.org\/{rel}","templated":true}]}}