{"id":97,"date":"2024-08-27T07:50:45","date_gmt":"2024-08-27T07:50:45","guid":{"rendered":"https:\/\/menzerna.optimumcs.rs\/?post_type=product&#038;p=97"},"modified":"2025-10-14T10:13:12","modified_gmt":"2025-10-14T10:13:12","slug":"super-finish-plus-3800","status":"publish","type":"product","link":"https:\/\/menzerna-shop.rs\/en\/product\/super-finish-plus-3800\/","title":{"rendered":"Super Finish Plus 3800- 1 Litar"},"content":{"rendered":"<h3 data-start=\"139\" data-end=\"216\"><strong data-start=\"143\" data-end=\"216\">Menzerna Super Finish Plus 3800 \u2013 zavr\u0161ni polir za savr\u0161en visok sjaj<br \/>\nPolitura visokog sjaja za maksimalan dubinski sjaj 10+<br \/>\n<\/strong><\/h3>\n<p data-start=\"218\" data-end=\"548\"><strong data-start=\"218\" data-end=\"236\">Opis proizvoda<\/strong><br data-start=\"236\" data-end=\"239\" \/>Menzerna Super Finish Plus 3800 (SFP 3800) je <strong data-start=\"285\" data-end=\"313\">ultra fini zavr\u0161ni polir<\/strong> namenjen za postizanje <strong data-start=\"337\" data-end=\"372\">maksimalnog sjaja i dubine boje<\/strong>. Posebno formulisan za uklanjanje <strong data-start=\"407\" data-end=\"458\">mikro ogrebotina, holograma i tragova poliranja<\/strong>, ovaj proizvod obezbe\u0111uje <strong data-start=\"485\" data-end=\"514\">savr\u0161en \u201eshow car\u201c izgled<\/strong> bez voskova, silikona i punila.<\/p>\n<p data-start=\"550\" data-end=\"714\">Super Finish Plus 3800 je idealan zavr\u0161ni korak nakon grubih ili srednjih polir pasti i pogodan je za <strong data-start=\"652\" data-end=\"671\">sve tipove laka<\/strong>, uklju\u010duju\u0107i tamne i osetljive povr\u0161ine.<\/p>\n<p data-start=\"739\" data-end=\"1016\">\u2705 Uklanja mikro ogrebotine i holograme<br data-start=\"777\" data-end=\"780\" \/>\u2705 Pru\u017ea ekstremno visok sjaj (High Gloss Finish)<br data-start=\"828\" data-end=\"831\" \/>\u2705 Bez silikona, voskova i punila<br data-start=\"863\" data-end=\"866\" \/>\u2705 Minimalno pra\u0161i i lako se bri\u0161e<br data-start=\"899\" data-end=\"902\" \/>\u2705 Pogodan za rotacione i dual action ma\u0161ine<br data-start=\"945\" data-end=\"948\" \/>\u2705 Siguran za sve vrste laka \u2013 uklju\u010duju\u0107i OEM i repainted povr\u0161ine<\/p>\n<p><strong data-start=\"1027\" data-end=\"1054\">Tehni\u010dke karakteristike<\/strong><\/p>\n<ul data-start=\"1055\" data-end=\"1213\">\n<li data-start=\"1055\" data-end=\"1096\">\n<p data-start=\"1057\" data-end=\"1096\"><strong data-start=\"1057\" data-end=\"1087\">Stepen abrazivnosti (Cut):<\/strong> 2 \/ 10<\/p>\n<\/li>\n<li data-start=\"1097\" data-end=\"1126\">\n<p data-start=\"1099\" data-end=\"1126\"><strong data-start=\"1099\" data-end=\"1116\">Sjaj (Gloss):<\/strong> 10 \/ 10<\/p>\n<\/li>\n<\/ul>\n<p><img loading=\"lazy\" decoding=\"async\" class=\"alignnone wp-image-3406\" src=\"https:\/\/menzerna.optimumcs.rs\/wp-content\/uploads\/2024\/08\/376845113_795909028994485_4983658406274248682_n-300x300.jpeg\" alt=\"\" width=\"313\" height=\"313\" \/><\/p>\n<h3 data-start=\"2347\" data-end=\"2379\"><strong data-start=\"2351\" data-end=\"2379\">Za\u0161to izabrati Menzerna?<\/strong><\/h3>\n<p data-start=\"2380\" data-end=\"2625\">Menzerna proizvodi se razvijaju i proizvode u Nema\u010dkoj i predstavljaju <strong data-start=\"2451\" data-end=\"2499\">industrijski standard u auto detailing svetu<\/strong>. Super Finish Plus 3800 je zavr\u0161ni korak koji pru\u017ea <strong data-start=\"2552\" data-end=\"2624\">besprekorno glatku i reflektuju\u0107u povr\u0161inu \u2013 pravi \u201eshow car finish\u201c<\/strong>.<\/p>","protected":false},"excerpt":{"rendered":"<p><strong>Super Finish Plus 3800<\/strong><\/p>\n<p><strong>Cut<\/strong>: 3<br \/>\n<strong>Gloss<\/strong>: 10 +<br \/>\n<strong>Pakovanje<\/strong>: 1000ml<\/p>\n<p><strong data-start=\"86\" data-end=\"121\">Menzerna Super Finish Plus 3800<\/strong> je ultra fini zavr\u0161ni polir koji uklanja mikro ogrebotine i holograme, ostavljaju\u0107i dubok, ogledalni sjaj. Idealno re\u0161enje za zavr\u0161nu fazu poliranja i \u201cshow car\u201d izgled laka.<\/p>\n<p><img loading=\"lazy\" decoding=\"async\" class=\"alignnone size-medium wp-image-3043\" src=\"https:\/\/menzerna.optimumcs.rs\/wp-content\/uploads\/2024\/08\/2-300x140.jpg\" alt=\"\" width=\"300\" height=\"140\" srcset=\"https:\/\/menzerna-shop.rs\/wp-content\/uploads\/2024\/08\/2-300x140.jpg 300w, https:\/\/menzerna-shop.rs\/wp-content\/uploads\/2024\/08\/2-150x70.jpg 150w, https:\/\/menzerna-shop.rs\/wp-content\/uploads\/2024\/08\/2-768x359.jpg 768w, https:\/\/menzerna-shop.rs\/wp-content\/uploads\/2024\/08\/2-1x1.jpg 1w, https:\/\/menzerna-shop.rs\/wp-content\/uploads\/2024\/08\/2-10x5.jpg 10w, https:\/\/menzerna-shop.rs\/wp-content\/uploads\/2024\/08\/2.jpg 950w\" sizes=\"auto, (max-width: 300px) 100vw, 300px\" \/><\/p>","protected":false},"featured_media":3506,"template":"","meta":[],"etheme_brands":[],"product_brand":[],"product_cat":[47],"product_tag":[110,111,95,109],"class_list":{"0":"post-97","1":"product","2":"type-product","3":"status-publish","4":"has-post-thumbnail","6":"product_cat-finish","7":"product_tag-110","8":"product_tag-finish","9":"product_tag-menzerna","10":"product_tag-super","12":"first","13":"instock","14":"taxable","15":"shipping-taxable","16":"purchasable","17":"product-type-simple"},"_links":{"self":[{"href":"https:\/\/menzerna-shop.rs\/en\/wp-json\/wp\/v2\/product\/97","targetHints":{"allow":["GET"]}}],"collection":[{"href":"https:\/\/menzerna-shop.rs\/en\/wp-json\/wp\/v2\/product"}],"about":[{"href":"https:\/\/menzerna-shop.rs\/en\/wp-json\/wp\/v2\/types\/product"}],"version-history":[{"count":0,"href":"https:\/\/menzerna-shop.rs\/en\/wp-json\/wp\/v2\/product\/97\/revisions"}],"wp:featuredmedia":[{"embeddable":true,"href":"https:\/\/menzerna-shop.rs\/en\/wp-json\/wp\/v2\/media\/3506"}],"wp:attachment":[{"href":"https:\/\/menzerna-shop.rs\/en\/wp-json\/wp\/v2\/media?parent=97"}],"wp:term":[{"taxonomy":"brand","embeddable":true,"href":"https:\/\/menzerna-shop.rs\/en\/wp-json\/wp\/v2\/etheme_brands?post=97"},{"taxonomy":"product_brand","embeddable":true,"href":"https:\/\/menzerna-shop.rs\/en\/wp-json\/wp\/v2\/product_brand?post=97"},{"taxonomy":"product_cat","embeddable":true,"href":"https:\/\/menzerna-shop.rs\/en\/wp-json\/wp\/v2\/product_cat?post=97"},{"taxonomy":"product_tag","embeddable":true,"href":"https:\/\/menzerna-shop.rs\/en\/wp-json\/wp\/v2\/product_tag?post=97"}],"curies":[{"name":"wp","href":"https:\/\/api.w.org\/{rel}","templated":true}]}}